{"id":58,"date":"2021-03-18T07:17:43","date_gmt":"2021-03-18T07:17:43","guid":{"rendered":"https:\/\/aleph-apparel.com\/?page_id=58"},"modified":"2025-04-29T22:31:43","modified_gmt":"2025-04-30T02:31:43","slug":"home","status":"publish","type":"page","link":"https:\/\/aleph-apparel.com\/","title":{"rendered":"Home"},"content":{"rendered":"<style>\/*! elementor - v3.13.3 - 22-05-2023 *\/\nbody.elementor-page .elementor-widget-menu-anchor{margin-bottom:0}<\/style>\n<h2>Sobre Nosotros<\/h2>\n<p>\t\tEn 2014, nos activamos al mercado manufacturero de vestimenta y accesorios de Asia en Am\u00e9rica, Europa y Medio Oriente. El apoyo y la confianza que hemos recibido de nuestros clientes nos han permitido crecer y profesionalizar nuestra gesti\u00f3n, aline\u00e1ndonos con el desarrollo experimentado por la industria del retail en estas regiones. En la actualidad, somos una de las exportadoras comerciales m\u00e1s importantes y brindamos servicios de gesti\u00f3n de cadenas de suministro para grandes marcas y minoristas en Am\u00e9rica Latina, Europa y Medio Oriente. Nuestra presencia se extiende a varios pa\u00edses, adapt\u00e1ndonos a sus realidades y trabajando arduamente para satisfacer las necesidades de nuestros clientes, consolid\u00e1ndonos como l\u00edderes en nuestro sector.\t\t<\/p>\n<style>\/*! elementor - v3.13.3 - 22-05-2023 *\/\n.elementor-column .elementor-spacer-inner{height:var(--spacer-size)}.e-con{--container-widget-width:100%}.e-con-inner>.elementor-widget-spacer,.e-con>.elementor-widget-spacer{width:var(--container-widget-width,var(--spacer-size));--align-self:var(--container-widget-align-self,initial);--flex-shrink:0}.e-con-inner>.elementor-widget-spacer>.elementor-widget-container,.e-con-inner>.elementor-widget-spacer>.elementor-widget-container>.elementor-spacer,.e-con>.elementor-widget-spacer>.elementor-widget-container,.e-con>.elementor-widget-spacer>.elementor-widget-container>.elementor-spacer{height:100%}.e-con-inner>.elementor-widget-spacer>.elementor-widget-container>.elementor-spacer>.elementor-spacer-inner,.e-con>.elementor-widget-spacer>.elementor-widget-container>.elementor-spacer>.elementor-spacer-inner{height:var(--container-widget-height,var(--spacer-size))}<\/style>\n<style>\/*! elementor - v3.13.3 - 22-05-2023 *\/\n.elementor-widget-image{text-align:center}.elementor-widget-image a{display:inline-block}.elementor-widget-image a img[src$=\".svg\"]{width:48px}.elementor-widget-image img{vertical-align:middle;display:inline-block}<\/style>\n<p>\t\t\t\t\t\t\t\t\t\t\t\t<img decoding=\"async\" width=\"725\" height=\"1024\" src=\"https:\/\/aleph-apparel.com\/wp-content\/uploads\/2023\/05\/foco-725x1024.webp\" alt=\"\" loading=\"lazy\" srcset=\"https:\/\/aleph-apparel.com\/wp-content\/uploads\/2023\/05\/foco-725x1024.webp 725w, https:\/\/aleph-apparel.com\/wp-content\/uploads\/2023\/05\/foco-213x300.webp 213w, https:\/\/aleph-apparel.com\/wp-content\/uploads\/2023\/05\/foco-768x1084.webp 768w, https:\/\/aleph-apparel.com\/wp-content\/uploads\/2023\/05\/foco-9x12.webp 9w, https:\/\/aleph-apparel.com\/wp-content\/uploads\/2023\/05\/foco-103x146.webp 103w, https:\/\/aleph-apparel.com\/wp-content\/uploads\/2023\/05\/foco-35x50.webp 35w, https:\/\/aleph-apparel.com\/wp-content\/uploads\/2023\/05\/foco-53x75.webp 53w, https:\/\/aleph-apparel.com\/wp-content\/uploads\/2023\/05\/foco-480x678.webp 480w, https:\/\/aleph-apparel.com\/wp-content\/uploads\/2023\/05\/foco.webp 850w\" sizes=\"auto, (max-width:767px) 480px, 725px\" \/>\t\t\t\t\t\t\t\t\t\t\t\t\t\t\t<\/p>\n<style>\/*! elementor - v3.13.3 - 22-05-2023 *\/\n.elementor-heading-title{padding:0;margin:0;line-height:1}.elementor-widget-heading .elementor-heading-title[class*=elementor-size-]>a{color:inherit;font-size:inherit;line-height:inherit}.elementor-widget-heading .elementor-heading-title.elementor-size-small{font-size:15px}.elementor-widget-heading .elementor-heading-title.elementor-size-medium{font-size:19px}.elementor-widget-heading .elementor-heading-title.elementor-size-large{font-size:29px}.elementor-widget-heading .elementor-heading-title.elementor-size-xl{font-size:39px}.elementor-widget-heading .elementor-heading-title.elementor-size-xxl{font-size:59px}<\/style>\n<h2>Foco<\/h2>\n<p style=\"text-align: left;\">En nuestro compromiso por ofrecer lo mejor a nuestros clientes, nos encontramos en constante evoluci\u00f3n y adaptaci\u00f3n a las necesidades cambiantes del mercado y del medio ambiente. Para ello, hemos realizado importantes inversiones en tecnolog\u00eda para mejorar nuestra plataforma de gesti\u00f3n de la cadena de suministro, lo que nos permite brindar un servicio m\u00e1s eficiente y eficaz.<\/p>\n<p style=\"text-align: left;\">Sin embargo, nuestra principal motivaci\u00f3n es la innovaci\u00f3n y el desarrollo de nuevas colecciones e ideas para nuestros clientes. Contamos con un equipo de dise\u00f1adores altamente capacitados, siempre en busca de las \u00faltimas tendencias y materiales sustentables a trav\u00e9s de su asistencia a ferias y exploraci\u00f3n de nuevos mercados.<\/p>\n<p style=\"text-align: left;\">Trabajamos estrechamente con nuestros clientes para lograr un \u00e9xito mutuo y establecer relaciones duraderas. Estamos comprometidos con brindar un servicio personalizado y adaptado a las necesidades espec\u00edficas de cada cliente. Juntos, podemos alcanzar grandes objetivos y consolidarnos como l\u00edderes en el mercado de la industria del retail.<\/p>\n<h2>Productos<\/h2>\n<p style=\"text-align: center;\">Somos una empresa que se destaca por ofrecer una amplia gama de productos de moda, desde vestimenta hasta accesorios de moda. Trabajamos en colaboraci\u00f3n con marcas y minoristas reconocidos, enfocados en brindarles un servicio de calidad que cumpla con sus expectativas y requerimientos.<\/p>\n<p style=\"text-align: center;\">Nuestra empresa est\u00e1 comprometida en ofrecer una amplia gama de productos de moda y un servicio de calidad.<\/p>\n<style>\/*! elementor - v3.13.3 - 22-05-2023 *\/\n.elementor-widget-image-box .elementor-image-box-content{width:100%}@media (min-width:768px){.elementor-widget-image-box.elementor-position-left .elementor-image-box-wrapper,.elementor-widget-image-box.elementor-position-right .elementor-image-box-wrapper{display:flex}.elementor-widget-image-box.elementor-position-right .elementor-image-box-wrapper{text-align:right;flex-direction:row-reverse}.elementor-widget-image-box.elementor-position-left .elementor-image-box-wrapper{text-align:left;flex-direction:row}.elementor-widget-image-box.elementor-position-top .elementor-image-box-img{margin:auto}.elementor-widget-image-box.elementor-vertical-align-top .elementor-image-box-wrapper{align-items:flex-start}.elementor-widget-image-box.elementor-vertical-align-middle .elementor-image-box-wrapper{align-items:center}.elementor-widget-image-box.elementor-vertical-align-bottom .elementor-image-box-wrapper{align-items:flex-end}}@media (max-width:767px){.elementor-widget-image-box .elementor-image-box-img{margin-left:auto!important;margin-right:auto!important;margin-bottom:15px}}.elementor-widget-image-box .elementor-image-box-img{display:inline-block}.elementor-widget-image-box .elementor-image-box-title a{color:inherit}.elementor-widget-image-box .elementor-image-box-wrapper{text-align:center}.elementor-widget-image-box .elementor-image-box-description{margin:0}<\/style>\n<figure><img decoding=\"async\" width=\"66\" height=\"66\" src=\"https:\/\/aleph-apparel.com\/wp-content\/uploads\/2023\/05\/CHAQUETAS.png\" alt=\"\" loading=\"lazy\" \/><\/figure>\n<h6>CHAQUETAS<\/h6>\n<figure><img decoding=\"async\" width=\"66\" height=\"66\" src=\"https:\/\/aleph-apparel.com\/wp-content\/uploads\/2023\/05\/ABRIGOS.png\" alt=\"\" loading=\"lazy\" \/><\/figure>\n<h6>ABRIGOS<\/h6>\n<figure><img decoding=\"async\" width=\"66\" height=\"66\" src=\"https:\/\/aleph-apparel.com\/wp-content\/uploads\/2023\/05\/BLUSAS.png\" alt=\"\" loading=\"lazy\" \/><\/figure>\n<h6>CAMISAS \/ BLUSAS<\/h6>\n<figure><img decoding=\"async\" width=\"66\" height=\"66\" src=\"https:\/\/aleph-apparel.com\/wp-content\/uploads\/2023\/05\/PANTALONES.png\" alt=\"\" loading=\"lazy\" \/><\/figure>\n<h6>PANTALONES<\/h6>\n<figure><img decoding=\"async\" width=\"66\" height=\"66\" src=\"https:\/\/aleph-apparel.com\/wp-content\/uploads\/2023\/05\/ACCESORIOS.png\" alt=\"\" loading=\"lazy\" \/><\/figure>\n<h6>ACCESORIOS<\/h6>\n<figure><img decoding=\"async\" width=\"66\" height=\"66\" src=\"https:\/\/aleph-apparel.com\/wp-content\/uploads\/2023\/05\/ROPA-INTERIOR.png\" alt=\"\" loading=\"lazy\" \/><\/figure>\n<h6>ROPA INTERIOR<\/h6>\n<figure><img decoding=\"async\" width=\"66\" height=\"66\" src=\"https:\/\/aleph-apparel.com\/wp-content\/uploads\/2023\/05\/ROPA-DE-DORMIR.png\" alt=\"\" loading=\"lazy\" \/><\/figure>\n<h6>ROPA DE DORMIR<\/h6>\n<figure><img decoding=\"async\" width=\"66\" height=\"66\" src=\"https:\/\/aleph-apparel.com\/wp-content\/uploads\/2023\/05\/CALZADO.png\" alt=\"\" loading=\"lazy\" \/><\/figure>\n<h6>CALZADO<\/h6>\n<h3>Estamos orgullosos de certificar 36 f\u00e1bricas y trabajamos arduamente para que todas cumplan con nuestros est\u00e1ndares.<\/h3>\n<h2>Ambiente de trabajo<\/h2>\n<p style=\"text-align: left;\">En Aleph Apparel, creemos que tener las mejores condiciones laborales es una necesidad y no una opci\u00f3n. Entendemos que un ambiente de trabajo saludable y seguro es fundamental para elevar la productividad y asegurar el \u00e9xito de la empresa. Por esta raz\u00f3n, nos preocupamos por nuestros empleados, clientes y proveedores, estamos comprometidos en cuidar y atender sus necesidades.<\/p>\n<p style=\"text-align: left;\"><strong>Sustentabilidad<\/strong><br \/>Nos enorgullece decir que hemos ayudado a crear ambientes de trabajo saludables en nuestras f\u00e1bricas asociadas en pa\u00edses como China, Bangladesh, India y Vietnam. Adem\u00e1s, apoyamos la iniciativa de Cumplimiento de Responsabilidad Social en los negocios conocida como BSCI (por su sigla en ingl\u00e9s).\u00a0Para garantizar el cumplimiento de estos est\u00e1ndares, hemos creado nuestro propio Departamento de Responsabilidad Social, que ayuda a nuestras f\u00e1bricas asociadas a obtener el certificado BSCI.<\/p>\n<p style=\"text-align: left;\">Realizamos constantes auditor\u00edas en nuestras f\u00e1bricas a trav\u00e9s de empresas especialistas, que nos ayudan a identificar \u00e1reas pasibles de mejoras y realizar los cambios necesarios para garantizar el cumplimiento de los est\u00e1ndares.\u00a0Realizamos constantes auditor\u00edas en nuestras f\u00e1bricas a trav\u00e9s de empresas especialistas, que nos ayudan a identificar \u00e1reas pasibles de mejoras y realizar los cambios necesarios para garantizar el cumplimiento de los est\u00e1ndares.<\/p>\n<p style=\"text-align: left;\">Estamos orgullosos de haber certificado 36 de nuestras f\u00e1bricas hasta la fecha y estamos trabajando incansablemente para asegurarnos de que el 100% de nuestras f\u00e1bricas cumplan con estos est\u00e1ndares. En definitiva, la sustentabilidad es una parte integral de nuestra cultura empresarial y nos esforzamos por ser l\u00edderes en esta materia en la industria de la moda.<\/p>\n<p>\t\t\t\t\t\t\t\t\t\t\t\t\t\t\t<img decoding=\"async\" width=\"666\" height=\"1000\" src=\"https:\/\/aleph-apparel.com\/wp-content\/uploads\/2023\/05\/trabajo.webp\" alt=\"\" loading=\"lazy\" srcset=\"https:\/\/aleph-apparel.com\/wp-content\/uploads\/2023\/05\/trabajo.webp 666w, https:\/\/aleph-apparel.com\/wp-content\/uploads\/2023\/05\/trabajo-200x300.webp 200w, https:\/\/aleph-apparel.com\/wp-content\/uploads\/2023\/05\/trabajo-8x12.webp 8w, https:\/\/aleph-apparel.com\/wp-content\/uploads\/2023\/05\/trabajo-97x146.webp 97w, https:\/\/aleph-apparel.com\/wp-content\/uploads\/2023\/05\/trabajo-33x50.webp 33w, https:\/\/aleph-apparel.com\/wp-content\/uploads\/2023\/05\/trabajo-50x75.webp 50w, https:\/\/aleph-apparel.com\/wp-content\/uploads\/2023\/05\/trabajo-480x721.webp 480w\" sizes=\"auto, (max-width:767px) 480px, 666px\" \/><br \/>\n\t\t\t\t\t\t\t\t\t\t\t\t\t\t\t<img decoding=\"async\" width=\"667\" height=\"1000\" src=\"https:\/\/aleph-apparel.com\/wp-content\/uploads\/2023\/05\/CONTACTO.webp\" alt=\"\" loading=\"lazy\" srcset=\"https:\/\/aleph-apparel.com\/wp-content\/uploads\/2023\/05\/CONTACTO.webp 667w, https:\/\/aleph-apparel.com\/wp-content\/uploads\/2023\/05\/CONTACTO-200x300.webp 200w, https:\/\/aleph-apparel.com\/wp-content\/uploads\/2023\/05\/CONTACTO-8x12.webp 8w, https:\/\/aleph-apparel.com\/wp-content\/uploads\/2023\/05\/CONTACTO-97x146.webp 97w, https:\/\/aleph-apparel.com\/wp-content\/uploads\/2023\/05\/CONTACTO-33x50.webp 33w, https:\/\/aleph-apparel.com\/wp-content\/uploads\/2023\/05\/CONTACTO-50x75.webp 50w, https:\/\/aleph-apparel.com\/wp-content\/uploads\/2023\/05\/CONTACTO-480x720.webp 480w\" sizes=\"auto, (max-width:767px) 480px, 667px\" \/>\t\t\t\t\t\t\t\t\t\t\t\t\t\t\t<\/p>\n<h2>Cont\u00e1ctanos<\/h2>\n","protected":false},"excerpt":{"rendered":"<p>Sobre Nosotros En 2014, nos activamos al mercado manufacturero de vestimenta y accesorios de Asia en Am\u00e9rica, Europa y Medio Oriente. El apoyo y la confianza que hemos recibido de nuestros clientes nos han permitido crecer y profesionalizar nuestra gesti\u00f3n, aline\u00e1ndonos con el desarrollo experimentado por la industria del retail en estas regiones. En la [&hellip;]<\/p>\n","protected":false},"author":1,"featured_media":0,"parent":0,"menu_order":0,"comment_status":"closed","ping_status":"closed","template":"","meta":{"footnotes":""},"class_list":["post-58","page","type-page","status-publish","hentry"],"_links":{"self":[{"href":"https:\/\/aleph-apparel.com\/index.php\/wp-json\/wp\/v2\/pages\/58","targetHints":{"allow":["GET"]}}],"collection":[{"href":"https:\/\/aleph-apparel.com\/index.php\/wp-json\/wp\/v2\/pages"}],"about":[{"href":"https:\/\/aleph-apparel.com\/index.php\/wp-json\/wp\/v2\/types\/page"}],"author":[{"embeddable":true,"href":"https:\/\/aleph-apparel.com\/index.php\/wp-json\/wp\/v2\/users\/1"}],"replies":[{"embeddable":true,"href":"https:\/\/aleph-apparel.com\/index.php\/wp-json\/wp\/v2\/comments?post=58"}],"version-history":[{"count":165,"href":"https:\/\/aleph-apparel.com\/index.php\/wp-json\/wp\/v2\/pages\/58\/revisions"}],"predecessor-version":[{"id":831,"href":"https:\/\/aleph-apparel.com\/index.php\/wp-json\/wp\/v2\/pages\/58\/revisions\/831"}],"wp:attachment":[{"href":"https:\/\/aleph-apparel.com\/index.php\/wp-json\/wp\/v2\/media?parent=58"}],"curies":[{"name":"wp","href":"https:\/\/api.w.org\/{rel}","templated":true}]}}